{"id":129,"date":"2026-02-18T18:05:12","date_gmt":"2026-02-18T18:05:12","guid":{"rendered":"https:\/\/enoturismomaule.cl\/?page_id=129"},"modified":"2026-02-27T18:03:53","modified_gmt":"2026-02-27T18:03:53","slug":"enoturismo","status":"publish","type":"page","link":"https:\/\/enoturismomaule.cl\/index.php\/enoturismo\/","title":{"rendered":"Enoturismo"},"content":{"rendered":"\t\t<div data-elementor-type=\"wp-page\" data-elementor-id=\"129\" class=\"elementor elementor-129\" data-elementor-post-type=\"page\">\n\t\t\t\t<div class=\"elementor-element elementor-element-d92ed87 e-grid e-con-boxed e-con e-parent\" data-id=\"d92ed87\" data-element_type=\"container\" data-e-type=\"container\" data-settings=\"{&quot;background_background&quot;:&quot;classic&quot;}\">\n\t\t\t\t\t<div class=\"e-con-inner\">\n\t\t\t\t<div class=\"elementor-element elementor-element-5f8d90d elementor-widget elementor-widget-heading\" data-id=\"5f8d90d\" data-element_type=\"widget\" data-e-type=\"widget\" data-widget_type=\"heading.default\">\n\t\t\t\t\t<h2 class=\"elementor-heading-title elementor-size-default\">ENOTURISMO<\/h2>\t\t\t\t<\/div>\n\t\t\t\t\t<\/div>\n\t\t\t\t<\/div>\n\t\t<div class=\"elementor-element elementor-element-1107245 e-flex e-con-boxed e-con e-parent\" data-id=\"1107245\" data-element_type=\"container\" data-e-type=\"container\">\n\t\t\t\t\t<div class=\"e-con-inner\">\n\t\t<div class=\"elementor-element elementor-element-1855ca6 e-con-full e-flex e-con e-child\" data-id=\"1855ca6\" data-element_type=\"container\" data-e-type=\"container\">\n\t\t\t\t<div class=\"elementor-element elementor-element-faedb4a elementor-invisible elementor-widget elementor-widget-text-editor\" data-id=\"faedb4a\" data-element_type=\"widget\" data-e-type=\"widget\" data-settings=\"{&quot;_animation&quot;:&quot;fadeInLeft&quot;}\" data-widget_type=\"text-editor.default\">\n\t\t\t\t\t\t\t\t\t<p><span style=\"font-weight: 400;\"><strong>La Organizaci\u00f3n Mundial del Turismo<\/strong> (OMT) lo describe como una modalidad del turismo gastron\u00f3mico enfocada en la visita a vi\u00f1edos y bodegas, as\u00ed como en la degustaci\u00f3n y adquisici\u00f3n de vinos en su lugar de origen, integrando la cocina local, las tradiciones y la identidad cultural del territorio.<\/span><\/p><p><span style=\"font-weight: 400;\">Por su parte, Enoturismo Chile lo entiende como un conjunto de actividades econ\u00f3micas de naturaleza tur\u00edstica, en un territorio determinado, relacionadas con la cultura del vino.<\/span><\/p><p><span style=\"font-weight: 400;\">En t\u00e9rminos simples, se trata de experimentar el vino desde su ra\u00edz: recorrer los valles, vincularse con sus comunidades y explorar los sabores que reflejan la historia y esencia de cada lugar.<\/span><\/p><h4><span style=\"font-weight: 400;\"><br \/><\/span><span style=\"font-weight: 400;\"><strong>219<\/strong> vi\u00f1as abiertas al turismo, con un crecimiento del <strong>132%<\/strong> en la \u00faltima d\u00e9cada.<\/span><\/h4><h5><span style=\"font-weight: 400;\">\u00a0<\/span><\/h5><h4><span style=\"font-weight: 400;\"><strong>1,2 millones<\/strong> de visitantes al a\u00f1o disfrutan experiencias enotur\u00edsticas en todo el pa\u00eds.<\/span><\/h4><h5>\u00a0<\/h5>\t\t\t\t\t\t\t\t<\/div>\n\t\t\t\t<\/div>\n\t\t<div class=\"elementor-element elementor-element-aadba33 e-con-full e-flex e-con e-child\" data-id=\"aadba33\" data-element_type=\"container\" data-e-type=\"container\">\n\t\t\t\t<div class=\"elementor-element elementor-element-8c0369e elementor-invisible elementor-widget elementor-widget-image\" data-id=\"8c0369e\" data-element_type=\"widget\" data-e-type=\"widget\" data-settings=\"{&quot;_animation&quot;:&quot;fadeInRight&quot;}\" data-widget_type=\"image.default\">\n\t\t\t\t\t\t\t\t\t\t\t\t\t\t\t<img fetchpriority=\"high\" decoding=\"async\" width=\"463\" height=\"470\" src=\"https:\/\/enoturismomaule.cl\/wp-content\/uploads\/2026\/02\/Entorno-territorial-copia-2.png\" class=\"attachment-large size-large wp-image-324\" alt=\"\" srcset=\"https:\/\/enoturismomaule.cl\/wp-content\/uploads\/2026\/02\/Entorno-territorial-copia-2.png 463w, https:\/\/enoturismomaule.cl\/wp-content\/uploads\/2026\/02\/Entorno-territorial-copia-2-296x300.png 296w\" sizes=\"(max-width: 463px) 100vw, 463px\" \/>\t\t\t\t\t\t\t\t\t\t\t\t\t\t\t<\/div>\n\t\t\t\t<\/div>\n\t\t\t\t\t<\/div>\n\t\t\t\t<\/div>\n\t\t\t\t<\/div>\n\t\t","protected":false},"excerpt":{"rendered":"<p>ENOTURISMO La Organizaci\u00f3n Mundial del Turismo (OMT) lo describe como una modalidad del turismo gastron\u00f3mico enfocada en la visita a vi\u00f1edos y bodegas, as\u00ed como en la degustaci\u00f3n y adquisici\u00f3n de vinos en su lugar de origen, integrando la cocina local, las tradiciones y la identidad cultural del territorio. Por su parte, Enoturismo Chile lo [&hellip;]<\/p>\n","protected":false},"author":1,"featured_media":0,"parent":0,"menu_order":0,"comment_status":"closed","ping_status":"closed","template":"","meta":{"footnotes":""},"class_list":["post-129","page","type-page","status-publish","hentry"],"_links":{"self":[{"href":"https:\/\/enoturismomaule.cl\/index.php\/wp-json\/wp\/v2\/pages\/129","targetHints":{"allow":["GET"]}}],"collection":[{"href":"https:\/\/enoturismomaule.cl\/index.php\/wp-json\/wp\/v2\/pages"}],"about":[{"href":"https:\/\/enoturismomaule.cl\/index.php\/wp-json\/wp\/v2\/types\/page"}],"author":[{"embeddable":true,"href":"https:\/\/enoturismomaule.cl\/index.php\/wp-json\/wp\/v2\/users\/1"}],"replies":[{"embeddable":true,"href":"https:\/\/enoturismomaule.cl\/index.php\/wp-json\/wp\/v2\/comments?post=129"}],"version-history":[{"count":31,"href":"https:\/\/enoturismomaule.cl\/index.php\/wp-json\/wp\/v2\/pages\/129\/revisions"}],"predecessor-version":[{"id":690,"href":"https:\/\/enoturismomaule.cl\/index.php\/wp-json\/wp\/v2\/pages\/129\/revisions\/690"}],"wp:attachment":[{"href":"https:\/\/enoturismomaule.cl\/index.php\/wp-json\/wp\/v2\/media?parent=129"}],"curies":[{"name":"wp","href":"https:\/\/api.w.org\/{rel}","templated":true}]}}