{"id":100,"date":"2026-02-18T18:07:32","date_gmt":"2026-02-18T18:07:32","guid":{"rendered":"https:\/\/enoturismomaule.cl\/?page_id=100"},"modified":"2026-04-02T15:50:29","modified_gmt":"2026-04-02T15:50:29","slug":"inicio","status":"publish","type":"page","link":"https:\/\/enoturismomaule.cl\/","title":{"rendered":"Inicio"},"content":{"rendered":"\t\t<div data-elementor-type=\"wp-page\" data-elementor-id=\"100\" class=\"elementor elementor-100\" data-elementor-post-type=\"page\">\n\t\t\t\t<div class=\"elementor-element elementor-element-04c35bb e-con-full e-flex e-con e-parent\" data-id=\"04c35bb\" data-element_type=\"container\" data-e-type=\"container\">\n\t\t\t\t<div class=\"elementor-element elementor-element-0cd7173 elementor--h-position-center elementor--v-position-middle elementor-arrows-position-inside elementor-pagination-position-inside elementor-widget elementor-widget-slides\" data-id=\"0cd7173\" data-element_type=\"widget\" data-e-type=\"widget\" data-settings=\"{&quot;navigation&quot;:&quot;both&quot;,&quot;autoplay&quot;:&quot;yes&quot;,&quot;pause_on_hover&quot;:&quot;yes&quot;,&quot;pause_on_interaction&quot;:&quot;yes&quot;,&quot;autoplay_speed&quot;:5000,&quot;infinite&quot;:&quot;yes&quot;,&quot;transition&quot;:&quot;slide&quot;,&quot;transition_speed&quot;:500}\" data-widget_type=\"slides.default\">\n\t\t\t\t\t\t\t\t\t\t<div class=\"elementor-slides-wrapper elementor-main-swiper swiper\" role=\"region\" aria-roledescription=\"carousel\" aria-label=\"Diapositivas\" dir=\"ltr\" data-animation=\"fadeInUp\">\n\t\t\t\t<div class=\"swiper-wrapper elementor-slides\">\n\t\t\t\t\t\t\t\t\t\t<div class=\"elementor-repeater-item-2cfd4dc swiper-slide\" role=\"group\" aria-roledescription=\"slide\"><div class=\"swiper-slide-bg elementor-ken-burns elementor-ken-burns--in\" role=\"img\" aria-label=\"Lanzamiento PTI3\"><\/div><div class=\"elementor-background-overlay\"><\/div><div class=\"swiper-slide-inner\" ><div class=\"swiper-slide-contents\"><div class=\"elementor-slide-heading\">Programa Territorial Integrado Enoturismo Sustentable Maule<\/div><div class=\"elementor-slide-description\">Impulsando el Enoturismo\nen la Regi\u00f3n del Maule, iniciativa CORFO, agente operador CODESSER\n\n<div class=\"mis-botones-custom\">\n\n    <a href=\"https:\/\/enoturismomaule.cl\/index.php\/noticias\/\" class=\"elementor-button elementor-size-md\" style=\"background-color: #702283;\">Noticias<\/a>\n    <a href=\"https:\/\/enoturismomaule.cl\/index.php\/convocatorias\/\" class=\"elementor-button elementor-size-md\" style=\"background-color: #7B1C32;\">Convocatorias<\/a>\n<\/div>\n<\/div><\/div><\/div><\/div>\t\t\t\t<\/div>\n\t\t\t\t\t\t\t<\/div>\n\t\t\t\t\t\t\t\t<\/div>\n\t\t\t\t<\/div>\n\t\t<div class=\"elementor-element elementor-element-6c9a6ed e-grid e-con-boxed e-con e-parent\" data-id=\"6c9a6ed\" data-element_type=\"container\" data-e-type=\"container\" data-settings=\"{&quot;background_background&quot;:&quot;classic&quot;}\">\n\t\t\t\t\t<div class=\"e-con-inner\">\n\t\t\t\t<div class=\"elementor-element elementor-element-3050c07 elementor-invisible elementor-widget elementor-widget-text-editor\" data-id=\"3050c07\" data-element_type=\"widget\" data-e-type=\"widget\" data-settings=\"{&quot;_animation&quot;:&quot;fadeInLeft&quot;}\" data-widget_type=\"text-editor.default\">\n\t\t\t\t\t\t\t\t\t<h1>\u00a0<\/h1><h2><span style=\"color: #1e5aa6;\"><strong>QUIENES SOMOS<\/strong><\/span><\/h2><h5><span style=\"font-weight: 400;\">El <\/span><b>Programa Territorial Integrado de Enoturismo Sustentable de la Regi\u00f3n del Maule<\/b><span style=\"font-weight: 400;\"> es una iniciativa de Corfo, operada por Codesser, que busca articular y coordinar a los actores de la cadena de valor del enoturismo en el territorio, compuesto por los Valles de Curic\u00f3 y Valle del Maule, espec\u00edficamente en las comunas de: Molina, Curic\u00f3, Rauco, Sagrada Familia, Maule, Talca, San Javier, Pencahue, San Rafael y San Clemente.\u00a0<\/span><\/h5><h5><span style=\"font-weight: 400;\">El objetivo es fomentar el desarrollo productivo de la cadena de valor del enoturismo, poniendo en valor el patrimonio vitivin\u00edcola y tur\u00edstico de la zona, para mejorar la competitividad y posicionar al territorio como un destino enotur\u00edstico.<\/span><\/h5><h5><span style=\"font-weight: 400;\">Trabajamos junto a vi\u00f1as, operadores tur\u00edsticos, servicios de alojamiento, servicios de alimentaci\u00f3n, gu\u00edas tur\u00edsticos y aquellas instituciones publicas que contribuyen al desarrollo del enoturismo.<\/span><\/h5>\t\t\t\t\t\t\t\t<\/div>\n\t\t\t\t<div class=\"elementor-element elementor-element-3b9c4a6 elementor-invisible elementor-widget elementor-widget-image\" data-id=\"3b9c4a6\" data-element_type=\"widget\" data-e-type=\"widget\" data-settings=\"{&quot;_animation&quot;:&quot;fadeInRight&quot;}\" data-widget_type=\"image.default\">\n\t\t\t\t\t\t\t\t\t\t\t\t\t\t\t<img fetchpriority=\"high\" decoding=\"async\" width=\"512\" height=\"176\" src=\"https:\/\/enoturismomaule.cl\/wp-content\/uploads\/2026\/01\/logoweb_Mesa-de-trabajo-1.png\" class=\"attachment-large size-large wp-image-12\" alt=\"\" srcset=\"https:\/\/enoturismomaule.cl\/wp-content\/uploads\/2026\/01\/logoweb_Mesa-de-trabajo-1.png 512w, https:\/\/enoturismomaule.cl\/wp-content\/uploads\/2026\/01\/logoweb_Mesa-de-trabajo-1-300x103.png 300w\" sizes=\"(max-width: 512px) 100vw, 512px\" \/>\t\t\t\t\t\t\t\t\t\t\t\t\t\t\t<\/div>\n\t\t\t\t\t<\/div>\n\t\t\t\t<\/div>\n\t\t<div class=\"elementor-element elementor-element-0bace9a e-flex e-con-boxed e-con e-parent\" data-id=\"0bace9a\" data-element_type=\"container\" data-e-type=\"container\">\n\t\t\t\t\t<div class=\"e-con-inner\">\n\t\t\t\t<div class=\"elementor-element elementor-element-52df28f elementor-invisible elementor-widget elementor-widget-heading\" data-id=\"52df28f\" data-element_type=\"widget\" data-e-type=\"widget\" data-settings=\"{&quot;_animation&quot;:&quot;fadeInDown&quot;}\" data-widget_type=\"heading.default\">\n\t\t\t\t\t<h2 class=\"elementor-heading-title elementor-size-default\">NUESTRO PROP\u00d3SITO<\/h2>\t\t\t\t<\/div>\n\t\t\t\t\t<\/div>\n\t\t\t\t<\/div>\n\t\t<div class=\"elementor-element elementor-element-ee1d4a8 e-flex e-con-boxed e-con e-parent\" data-id=\"ee1d4a8\" data-element_type=\"container\" data-e-type=\"container\">\n\t\t\t\t\t<div class=\"e-con-inner\">\n\t\t\t\t<div class=\"elementor-element elementor-element-3751b10 elementor-invisible elementor-widget elementor-widget-text-editor\" data-id=\"3751b10\" data-element_type=\"widget\" data-e-type=\"widget\" data-settings=\"{&quot;_animation&quot;:&quot;fadeIn&quot;}\" data-widget_type=\"text-editor.default\">\n\t\t\t\t\t\t\t\t\t<p><span style=\"font-weight: 400;\">Implementar un modelo de gesti\u00f3n territorial que fomente el desarrollo productivo sustentable de la cadena de valor del Enoturismo, en 10 comunas de la Regi\u00f3n del Maule, a trav\u00e9s de la articulaci\u00f3n y coordinaci\u00f3n entre los actores de la cadena de valor, el fortalecimiento de las competencias y capacidades del capital\u00a0 humano y social que componen la cadena de valor y la socializaci\u00f3n de un relato compartido que ponga en valor el patrimonio vitivin\u00edcola y tur\u00edstico del territorio, para mejorar su oferta de valor, la competitividad del sector y el posicionamiento de la Regi\u00f3n como destino enotur\u00edstico en el mercado nacional e internacional.<\/span><\/p>\t\t\t\t\t\t\t\t<\/div>\n\t\t\t\t\t<\/div>\n\t\t\t\t<\/div>\n\t\t<div class=\"elementor-element elementor-element-e433b9a e-flex e-con-boxed e-con e-parent\" data-id=\"e433b9a\" data-element_type=\"container\" data-e-type=\"container\">\n\t\t\t\t\t<div class=\"e-con-inner\">\n\t\t<div class=\"elementor-element elementor-element-7957711 e-con-full e-transform e-flex elementor-invisible e-con e-child\" data-id=\"7957711\" data-element_type=\"container\" data-e-type=\"container\" data-settings=\"{&quot;_transform_scale_effect_hover&quot;:{&quot;unit&quot;:&quot;px&quot;,&quot;size&quot;:1.100000000000000088817841970012523233890533447265625,&quot;sizes&quot;:[]},&quot;animation&quot;:&quot;slideInUp&quot;,&quot;animation_delay&quot;:100,&quot;_transform_scale_effect_hover_tablet&quot;:{&quot;unit&quot;:&quot;px&quot;,&quot;size&quot;:&quot;&quot;,&quot;sizes&quot;:[]},&quot;_transform_scale_effect_hover_mobile&quot;:{&quot;unit&quot;:&quot;px&quot;,&quot;size&quot;:&quot;&quot;,&quot;sizes&quot;:[]}}\">\n\t\t\t\t<div class=\"elementor-element elementor-element-75f3a23 elementor-widget elementor-widget-heading\" data-id=\"75f3a23\" data-element_type=\"widget\" data-e-type=\"widget\" data-widget_type=\"heading.default\">\n\t\t\t\t\t<h2 class=\"elementor-heading-title elementor-size-default\">C\u00f3mo lo lograremos<\/h2>\t\t\t\t<\/div>\n\t\t\t\t<div class=\"elementor-element elementor-element-8a2f931 elementor-widget elementor-widget-text-editor\" data-id=\"8a2f931\" data-element_type=\"widget\" data-e-type=\"widget\" data-widget_type=\"text-editor.default\">\n\t\t\t\t\t\t\t\t\t<p><span style=\"font-weight: 400;\">Identificaci\u00f3n y priorizaci\u00f3n de Brechas<\/span><\/p><p><span style=\"font-weight: 400;\">1.- La d\u00e9bil articulaci\u00f3n y coordinaci\u00f3n entre actores de la cadena de valor.<\/span><\/p><p><span style=\"font-weight: 400;\">2.- El bajo desarrollo del capital humano asociado al sector.<\/span><\/p><p><span style=\"font-weight: 400;\">3.- La ausencia de un relato compartido que sustente el posicionamiento territorial.<\/span><\/p>\t\t\t\t\t\t\t\t<\/div>\n\t\t\t\t<\/div>\n\t\t<div class=\"elementor-element elementor-element-fbd73d4 e-con-full e-transform e-flex elementor-invisible e-con e-child\" data-id=\"fbd73d4\" data-element_type=\"container\" data-e-type=\"container\" data-settings=\"{&quot;_transform_scale_effect_hover&quot;:{&quot;unit&quot;:&quot;px&quot;,&quot;size&quot;:1.100000000000000088817841970012523233890533447265625,&quot;sizes&quot;:[]},&quot;animation&quot;:&quot;slideInUp&quot;,&quot;animation_delay&quot;:300,&quot;_transform_scale_effect_hover_tablet&quot;:{&quot;unit&quot;:&quot;px&quot;,&quot;size&quot;:&quot;&quot;,&quot;sizes&quot;:[]},&quot;_transform_scale_effect_hover_mobile&quot;:{&quot;unit&quot;:&quot;px&quot;,&quot;size&quot;:&quot;&quot;,&quot;sizes&quot;:[]}}\">\n\t\t\t\t<div class=\"elementor-element elementor-element-1052dba elementor-widget elementor-widget-heading\" data-id=\"1052dba\" data-element_type=\"widget\" data-e-type=\"widget\" data-widget_type=\"heading.default\">\n\t\t\t\t\t<h2 class=\"elementor-heading-title elementor-size-default\">Focos de trabajo<\/h2>\t\t\t\t<\/div>\n\t\t\t\t<div class=\"elementor-element elementor-element-1b9a9b3 elementor-widget elementor-widget-text-editor\" data-id=\"1b9a9b3\" data-element_type=\"widget\" data-e-type=\"widget\" data-widget_type=\"text-editor.default\">\n\t\t\t\t\t\t\t\t\t<p><span style=\"font-weight: 400;\">I.- Fortalecimiento de la oferta de experiencias de enoturismo.<\/span><\/p><p><span style=\"font-weight: 400;\">II.- Fortalecimiento del capital humano y social para el enoturismo.<\/span><\/p><p><span style=\"font-weight: 400;\">III.- Comercializaci\u00f3n para el enoturismo sustentable.<\/span><\/p>\t\t\t\t\t\t\t\t<\/div>\n\t\t\t\t<\/div>\n\t\t<div class=\"elementor-element elementor-element-2b64d6a e-con-full e-transform e-flex elementor-invisible e-con e-child\" data-id=\"2b64d6a\" data-element_type=\"container\" data-e-type=\"container\" data-settings=\"{&quot;_transform_scale_effect_hover&quot;:{&quot;unit&quot;:&quot;px&quot;,&quot;size&quot;:1.100000000000000088817841970012523233890533447265625,&quot;sizes&quot;:[]},&quot;animation&quot;:&quot;slideInUp&quot;,&quot;animation_delay&quot;:400,&quot;_transform_scale_effect_hover_tablet&quot;:{&quot;unit&quot;:&quot;px&quot;,&quot;size&quot;:&quot;&quot;,&quot;sizes&quot;:[]},&quot;_transform_scale_effect_hover_mobile&quot;:{&quot;unit&quot;:&quot;px&quot;,&quot;size&quot;:&quot;&quot;,&quot;sizes&quot;:[]}}\">\n\t\t\t\t<div class=\"elementor-element elementor-element-8535e94 elementor-widget elementor-widget-heading\" data-id=\"8535e94\" data-element_type=\"widget\" data-e-type=\"widget\" data-widget_type=\"heading.default\">\n\t\t\t\t\t<h2 class=\"elementor-heading-title elementor-size-default\">Gobernanza<\/h2>\t\t\t\t<\/div>\n\t\t\t\t<div class=\"elementor-element elementor-element-95ce1eb elementor-widget elementor-widget-text-editor\" data-id=\"95ce1eb\" data-element_type=\"widget\" data-e-type=\"widget\" data-widget_type=\"text-editor.default\">\n\t\t\t\t\t\t\t\t\t<ul><li style=\"font-weight: 400;\" aria-level=\"1\"><span style=\"font-weight: 400;\">Consejo Directivo<\/span><\/li><li style=\"font-weight: 400;\" aria-level=\"1\"><span style=\"font-weight: 400;\">Comit\u00e9 Ejecutivo<\/span><\/li><li style=\"font-weight: 400;\" aria-level=\"1\"><span style=\"font-weight: 400;\">Equipo Gestor<\/span><\/li><\/ul>\t\t\t\t\t\t\t\t<\/div>\n\t\t\t\t<\/div>\n\t\t\t\t\t<\/div>\n\t\t\t\t<\/div>\n\t\t\t\t<\/div>\n\t\t","protected":false},"excerpt":{"rendered":"<p>Programa Territorial Integrado Enoturismo Sustentable MauleImpulsando el Enoturismo en la Regi\u00f3n del Maule, iniciativa CORFO, agente operador CODESSER Noticias Convocatorias \u00a0 QUIENES SOMOS El Programa Territorial Integrado de Enoturismo Sustentable de la Regi\u00f3n del Maule es una iniciativa de Corfo, operada por Codesser, que busca articular y coordinar a los actores de la cadena de [&hellip;]<\/p>\n","protected":false},"author":1,"featured_media":0,"parent":0,"menu_order":0,"comment_status":"closed","ping_status":"closed","template":"elementor_header_footer","meta":{"footnotes":""},"class_list":["post-100","page","type-page","status-publish","hentry"],"_links":{"self":[{"href":"https:\/\/enoturismomaule.cl\/index.php\/wp-json\/wp\/v2\/pages\/100","targetHints":{"allow":["GET"]}}],"collection":[{"href":"https:\/\/enoturismomaule.cl\/index.php\/wp-json\/wp\/v2\/pages"}],"about":[{"href":"https:\/\/enoturismomaule.cl\/index.php\/wp-json\/wp\/v2\/types\/page"}],"author":[{"embeddable":true,"href":"https:\/\/enoturismomaule.cl\/index.php\/wp-json\/wp\/v2\/users\/1"}],"replies":[{"embeddable":true,"href":"https:\/\/enoturismomaule.cl\/index.php\/wp-json\/wp\/v2\/comments?post=100"}],"version-history":[{"count":127,"href":"https:\/\/enoturismomaule.cl\/index.php\/wp-json\/wp\/v2\/pages\/100\/revisions"}],"predecessor-version":[{"id":947,"href":"https:\/\/enoturismomaule.cl\/index.php\/wp-json\/wp\/v2\/pages\/100\/revisions\/947"}],"wp:attachment":[{"href":"https:\/\/enoturismomaule.cl\/index.php\/wp-json\/wp\/v2\/media?parent=100"}],"curies":[{"name":"wp","href":"https:\/\/api.w.org\/{rel}","templated":true}]}}